{"id":4981,"date":"2022-08-30T01:24:29","date_gmt":"2022-08-30T01:24:29","guid":{"rendered":"https:\/\/brave-goodall.74-208-50-155.plesk.page\/?post_type=product&#038;p=4981"},"modified":"2022-08-30T01:24:29","modified_gmt":"2022-08-30T01:24:29","slug":"acucare-f1-4-ffm-oronasal","status":"publish","type":"product","link":"https:\/\/respiro.ihub-labs.com\/index.php\/product\/acucare-f1-4-ffm-oronasal\/","title":{"rendered":"ACUCARE F1-4 FFM ORONASAL"},"content":{"rendered":"<p>Al combinar un arn\u00e9s 3D que se ajusta a la forma con tecnolog\u00eda de almohadillas comprobada, la m\u00e1scarilla oronasal, facial completa ventilada para hospital AcuCare\u2122 F1\u20104 ofrece estabilidad sin necesidad de soporte para la frente.<\/p>\n","protected":false},"excerpt":{"rendered":"<p>Las m\u00e1scaras AcuCare est\u00e1n dise\u00f1adas para ayudar a garantizar la velocidad, la estabilidad y el \u00e9xito en la administraci\u00f3n de ventilaci\u00f3n no invasiva (VNI).<\/p>\n","protected":false},"featured_media":4982,"comment_status":"open","ping_status":"closed","template":"elementor_theme","meta":{"inline_featured_image":false,"_mi_skip_tracking":false},"product_cat":[89],"product_tag":[],"class_list":["post-4981","product","type-product","status-publish","has-post-thumbnail","hentry","product_cat-cuidados_hospitalarios"],"aioseo_notices":[],"_links":{"self":[{"href":"https:\/\/respiro.ihub-labs.com\/index.php\/wp-json\/wp\/v2\/product\/4981","targetHints":{"allow":["GET"]}}],"collection":[{"href":"https:\/\/respiro.ihub-labs.com\/index.php\/wp-json\/wp\/v2\/product"}],"about":[{"href":"https:\/\/respiro.ihub-labs.com\/index.php\/wp-json\/wp\/v2\/types\/product"}],"replies":[{"embeddable":true,"href":"https:\/\/respiro.ihub-labs.com\/index.php\/wp-json\/wp\/v2\/comments?post=4981"}],"version-history":[{"count":1,"href":"https:\/\/respiro.ihub-labs.com\/index.php\/wp-json\/wp\/v2\/product\/4981\/revisions"}],"predecessor-version":[{"id":4988,"href":"https:\/\/respiro.ihub-labs.com\/index.php\/wp-json\/wp\/v2\/product\/4981\/revisions\/4988"}],"wp:featuredmedia":[{"embeddable":true,"href":"https:\/\/respiro.ihub-labs.com\/index.php\/wp-json\/wp\/v2\/media\/4982"}],"wp:attachment":[{"href":"https:\/\/respiro.ihub-labs.com\/index.php\/wp-json\/wp\/v2\/media?parent=4981"}],"wp:term":[{"taxonomy":"product_cat","embeddable":true,"href":"https:\/\/respiro.ihub-labs.com\/index.php\/wp-json\/wp\/v2\/product_cat?post=4981"},{"taxonomy":"product_tag","embeddable":true,"href":"https:\/\/respiro.ihub-labs.com\/index.php\/wp-json\/wp\/v2\/product_tag?post=4981"}],"curies":[{"name":"wp","href":"https:\/\/api.w.org\/{rel}","templated":true}]}}