{"id":4973,"date":"2022-08-30T01:19:57","date_gmt":"2022-08-30T01:19:57","guid":{"rendered":"https:\/\/brave-goodall.74-208-50-155.plesk.page\/?post_type=product&#038;p=4973"},"modified":"2022-08-30T01:19:57","modified_gmt":"2022-08-30T01:19:57","slug":"acucare-f1-0-nv-acucare-f1-0-ffm","status":"publish","type":"product","link":"https:\/\/respiro.ihub-labs.com\/index.php\/product\/acucare-f1-0-nv-acucare-f1-0-ffm\/","title":{"rendered":"ACUCARE F1-0 (NV AcuCare F1-0 FFM)"},"content":{"rendered":"<p>Mascarilla facial completa, dise\u00f1ada para promover la r\u00e1pida aceptaci\u00f3n por parte del paciente de la ventilaci\u00f3n no invasiva (NIV), la mascarilla facial completa sin ventilaci\u00f3n (NV) hospitalaria AcuCare\u2122 F1\u20100 ofrece un ajuste estable y seguro, lo que minimiza el riesgo de \u00falceras por presi\u00f3n y ruptura de la piel al mismo tiempo que maximiza la comodidad. (Cobertura de boca y nariz)<\/p>\n","protected":false},"excerpt":{"rendered":"<p>Mascarilla facial sin ventilaci\u00f3n, no invasiva, uso hospitalario modelo AcuCare F1-0 con codo azul para indicar que la mascarilla no incluye un mecanismo de ventilaci\u00f3n pasiva, ni una v\u00e1lvula antiasfixia propios.<\/p>\n","protected":false},"featured_media":4975,"comment_status":"open","ping_status":"closed","template":"elementor_theme","meta":{"inline_featured_image":false,"_mi_skip_tracking":false},"product_cat":[89],"product_tag":[],"class_list":["post-4973","product","type-product","status-publish","has-post-thumbnail","hentry","product_cat-cuidados_hospitalarios"],"aioseo_notices":[],"_links":{"self":[{"href":"https:\/\/respiro.ihub-labs.com\/index.php\/wp-json\/wp\/v2\/product\/4973","targetHints":{"allow":["GET"]}}],"collection":[{"href":"https:\/\/respiro.ihub-labs.com\/index.php\/wp-json\/wp\/v2\/product"}],"about":[{"href":"https:\/\/respiro.ihub-labs.com\/index.php\/wp-json\/wp\/v2\/types\/product"}],"replies":[{"embeddable":true,"href":"https:\/\/respiro.ihub-labs.com\/index.php\/wp-json\/wp\/v2\/comments?post=4973"}],"version-history":[{"count":2,"href":"https:\/\/respiro.ihub-labs.com\/index.php\/wp-json\/wp\/v2\/product\/4973\/revisions"}],"predecessor-version":[{"id":4980,"href":"https:\/\/respiro.ihub-labs.com\/index.php\/wp-json\/wp\/v2\/product\/4973\/revisions\/4980"}],"wp:featuredmedia":[{"embeddable":true,"href":"https:\/\/respiro.ihub-labs.com\/index.php\/wp-json\/wp\/v2\/media\/4975"}],"wp:attachment":[{"href":"https:\/\/respiro.ihub-labs.com\/index.php\/wp-json\/wp\/v2\/media?parent=4973"}],"wp:term":[{"taxonomy":"product_cat","embeddable":true,"href":"https:\/\/respiro.ihub-labs.com\/index.php\/wp-json\/wp\/v2\/product_cat?post=4973"},{"taxonomy":"product_tag","embeddable":true,"href":"https:\/\/respiro.ihub-labs.com\/index.php\/wp-json\/wp\/v2\/product_tag?post=4973"}],"curies":[{"name":"wp","href":"https:\/\/api.w.org\/{rel}","templated":true}]}}