{"id":4967,"date":"2022-08-30T01:15:06","date_gmt":"2022-08-30T01:15:06","guid":{"rendered":"https:\/\/brave-goodall.74-208-50-155.plesk.page\/?post_type=product&#038;p=4967"},"modified":"2022-08-30T01:15:06","modified_gmt":"2022-08-30T01:15:06","slug":"nebulizador-ultrasonico-nu400","status":"publish","type":"product","link":"https:\/\/respiro.ihub-labs.com\/index.php\/product\/nebulizador-ultrasonico-nu400\/","title":{"rendered":"Nebulizador Ultras\u00f3nico NU400"},"content":{"rendered":"<p>El nebulizador ultras\u00f3nico NU400 posee la m\u00e1s alta teconolog\u00eda y funcionalidad en aerosolterapia, en su dise\u00f1o se han considerado todas las necesidades del paciente en nebulizaci\u00f3n.<\/p>\n","protected":false},"excerpt":{"rendered":"<p>El nebulizador ultrasonica NU400 es un dispositivo alimentado por corriente alterna que genera una niebla formada por part\u00edculas ultrafinas de medicamento, suspendidas en una corriente de aire para el tratamiento y alivio de enfermedades respiratorias. El tratamiento de este nebulizador puede ser aplicado en ni\u00f1os y adultos.<\/p>\n","protected":false},"featured_media":4968,"comment_status":"open","ping_status":"closed","template":"elementor_theme","meta":{"inline_featured_image":false,"_mi_skip_tracking":false},"product_cat":[88],"product_tag":[],"class_list":["post-4967","product","type-product","status-publish","has-post-thumbnail","hentry","product_cat-cuidados_en_casa"],"aioseo_notices":[],"_links":{"self":[{"href":"https:\/\/respiro.ihub-labs.com\/index.php\/wp-json\/wp\/v2\/product\/4967","targetHints":{"allow":["GET"]}}],"collection":[{"href":"https:\/\/respiro.ihub-labs.com\/index.php\/wp-json\/wp\/v2\/product"}],"about":[{"href":"https:\/\/respiro.ihub-labs.com\/index.php\/wp-json\/wp\/v2\/types\/product"}],"replies":[{"embeddable":true,"href":"https:\/\/respiro.ihub-labs.com\/index.php\/wp-json\/wp\/v2\/comments?post=4967"}],"version-history":[{"count":1,"href":"https:\/\/respiro.ihub-labs.com\/index.php\/wp-json\/wp\/v2\/product\/4967\/revisions"}],"predecessor-version":[{"id":4972,"href":"https:\/\/respiro.ihub-labs.com\/index.php\/wp-json\/wp\/v2\/product\/4967\/revisions\/4972"}],"wp:featuredmedia":[{"embeddable":true,"href":"https:\/\/respiro.ihub-labs.com\/index.php\/wp-json\/wp\/v2\/media\/4968"}],"wp:attachment":[{"href":"https:\/\/respiro.ihub-labs.com\/index.php\/wp-json\/wp\/v2\/media?parent=4967"}],"wp:term":[{"taxonomy":"product_cat","embeddable":true,"href":"https:\/\/respiro.ihub-labs.com\/index.php\/wp-json\/wp\/v2\/product_cat?post=4967"},{"taxonomy":"product_tag","embeddable":true,"href":"https:\/\/respiro.ihub-labs.com\/index.php\/wp-json\/wp\/v2\/product_tag?post=4967"}],"curies":[{"name":"wp","href":"https:\/\/api.w.org\/{rel}","templated":true}]}}