{"id":4951,"date":"2022-08-30T01:04:09","date_gmt":"2022-08-30T01:04:09","guid":{"rendered":"https:\/\/brave-goodall.74-208-50-155.plesk.page\/?post_type=product&#038;p=4951"},"modified":"2022-08-30T01:04:09","modified_gmt":"2022-08-30T01:04:09","slug":"everflo-con-opi-everflo-intl-opi-120v-l-a","status":"publish","type":"product","link":"https:\/\/respiro.ihub-labs.com\/index.php\/product\/everflo-con-opi-everflo-intl-opi-120v-l-a\/","title":{"rendered":"EVERFLO CON OPI (Everflo, INTL, OPI 120v, L.A.)"},"content":{"rendered":"<p>El concentrador de ox\u00edgeno EverFlo\u2122 est\u00e1 dise\u00f1ado para proporcionar ox\u00edgeno adicional a las personas que necesitan terapia de ox\u00edgeno. El dispositivo no est\u00e1 dise\u00f1ado para ser un equipo de soporte vital.<\/p>\n","protected":false},"excerpt":{"rendered":"<p>El dispositivo produce ox\u00edgeno concentrado del aire ambiente para un paciente que necesita terapia de ox\u00edgeno de bajo flujo. El ox\u00edgeno del aire se concentra mediante un tamiz molecular y un proceso de adsorci\u00f3n mediante oscilaci\u00f3n de<br \/>\npresi\u00f3n.<\/p>\n","protected":false},"featured_media":4952,"comment_status":"open","ping_status":"closed","template":"elementor_theme","meta":{"inline_featured_image":false,"_mi_skip_tracking":false},"product_cat":[87],"product_tag":[],"class_list":["post-4951","product","type-product","status-publish","has-post-thumbnail","hentry","product_cat-oxigenoterapia"],"aioseo_notices":[],"_links":{"self":[{"href":"https:\/\/respiro.ihub-labs.com\/index.php\/wp-json\/wp\/v2\/product\/4951","targetHints":{"allow":["GET"]}}],"collection":[{"href":"https:\/\/respiro.ihub-labs.com\/index.php\/wp-json\/wp\/v2\/product"}],"about":[{"href":"https:\/\/respiro.ihub-labs.com\/index.php\/wp-json\/wp\/v2\/types\/product"}],"replies":[{"embeddable":true,"href":"https:\/\/respiro.ihub-labs.com\/index.php\/wp-json\/wp\/v2\/comments?post=4951"}],"version-history":[{"count":2,"href":"https:\/\/respiro.ihub-labs.com\/index.php\/wp-json\/wp\/v2\/product\/4951\/revisions"}],"predecessor-version":[{"id":4959,"href":"https:\/\/respiro.ihub-labs.com\/index.php\/wp-json\/wp\/v2\/product\/4951\/revisions\/4959"}],"wp:featuredmedia":[{"embeddable":true,"href":"https:\/\/respiro.ihub-labs.com\/index.php\/wp-json\/wp\/v2\/media\/4952"}],"wp:attachment":[{"href":"https:\/\/respiro.ihub-labs.com\/index.php\/wp-json\/wp\/v2\/media?parent=4951"}],"wp:term":[{"taxonomy":"product_cat","embeddable":true,"href":"https:\/\/respiro.ihub-labs.com\/index.php\/wp-json\/wp\/v2\/product_cat?post=4951"},{"taxonomy":"product_tag","embeddable":true,"href":"https:\/\/respiro.ihub-labs.com\/index.php\/wp-json\/wp\/v2\/product_tag?post=4951"}],"curies":[{"name":"wp","href":"https:\/\/api.w.org\/{rel}","templated":true}]}}