{"id":4936,"date":"2022-08-30T00:55:11","date_gmt":"2022-08-30T00:55:11","guid":{"rendered":"https:\/\/brave-goodall.74-208-50-155.plesk.page\/?post_type=product&#038;p=4936"},"modified":"2022-08-30T00:55:11","modified_gmt":"2022-08-30T00:55:11","slug":"remstar-auto-a-flex-system-one-60-series-la","status":"publish","type":"product","link":"https:\/\/respiro.ihub-labs.com\/index.php\/product\/remstar-auto-a-flex-system-one-60-series-la\/","title":{"rendered":"REMstar Auto A-Flex System One 60 Series LA"},"content":{"rendered":"<p>El REMstar Auto A-Flex es un dispositivo CPAP (presi\u00f3n positiva continua en las v\u00edas respiratorias) dise\u00f1ado para el tratamiento de la apnea obstructiva del sue\u00f1o (AOS). Puede suministrar terapia CPAP o terapia Auto-CPAP.<br \/>\nEl dispositivo que le han prescrito ofrece varias funciones especiales que pueden ayudar a que la terapia sea m\u00e1s c\u00f3moda. La funci\u00f3n de rampa le permite reducir la presi\u00f3n cuando intenta conciliar el sue\u00f1o. La presi\u00f3n del aire aumentar\u00e1 gradualmente hasta alcanzar la presi\u00f3n prescrita para usted. Tambi\u00e9n puede optar por no utilizar la funci\u00f3n de rampa.<br \/>\nAdem\u00e1s, las funciones de comodidad C-Flex, C-Flex+ y A-Flex le permiten aliviar la presi\u00f3n al espirar durante la terapia.<\/p>\n","protected":false},"excerpt":{"rendered":"<p>El CPAP REMstar Auto A-Flex de Respironics suministra terapia de presi\u00f3n positiva en las v\u00edas respiratorias para el tratamiento de la apnea obstructiva del sue\u00f1o en pacientes con respiraci\u00f3n espont\u00e1nea de m\u00e1s de 30 kg de peso. Est\u00e1 concebido para uso dom\u00e9stico u hospitalario.<\/p>\n","protected":false},"featured_media":4937,"comment_status":"open","ping_status":"closed","template":"elementor_theme","meta":{"inline_featured_image":false,"_mi_skip_tracking":false},"product_cat":[86],"product_tag":[],"class_list":["post-4936","product","type-product","status-publish","has-post-thumbnail","hentry","product_cat-apnea_del_sueno"],"aioseo_notices":[],"_links":{"self":[{"href":"https:\/\/respiro.ihub-labs.com\/index.php\/wp-json\/wp\/v2\/product\/4936","targetHints":{"allow":["GET"]}}],"collection":[{"href":"https:\/\/respiro.ihub-labs.com\/index.php\/wp-json\/wp\/v2\/product"}],"about":[{"href":"https:\/\/respiro.ihub-labs.com\/index.php\/wp-json\/wp\/v2\/types\/product"}],"replies":[{"embeddable":true,"href":"https:\/\/respiro.ihub-labs.com\/index.php\/wp-json\/wp\/v2\/comments?post=4936"}],"version-history":[{"count":2,"href":"https:\/\/respiro.ihub-labs.com\/index.php\/wp-json\/wp\/v2\/product\/4936\/revisions"}],"predecessor-version":[{"id":4942,"href":"https:\/\/respiro.ihub-labs.com\/index.php\/wp-json\/wp\/v2\/product\/4936\/revisions\/4942"}],"wp:featuredmedia":[{"embeddable":true,"href":"https:\/\/respiro.ihub-labs.com\/index.php\/wp-json\/wp\/v2\/media\/4937"}],"wp:attachment":[{"href":"https:\/\/respiro.ihub-labs.com\/index.php\/wp-json\/wp\/v2\/media?parent=4936"}],"wp:term":[{"taxonomy":"product_cat","embeddable":true,"href":"https:\/\/respiro.ihub-labs.com\/index.php\/wp-json\/wp\/v2\/product_cat?post=4936"},{"taxonomy":"product_tag","embeddable":true,"href":"https:\/\/respiro.ihub-labs.com\/index.php\/wp-json\/wp\/v2\/product_tag?post=4936"}],"curies":[{"name":"wp","href":"https:\/\/api.w.org\/{rel}","templated":true}]}}