{"id":4932,"date":"2022-08-29T13:39:20","date_gmt":"2022-08-29T13:39:20","guid":{"rendered":"https:\/\/brave-goodall.74-208-50-155.plesk.page\/?post_type=product&#038;p=4932"},"modified":"2022-08-30T00:44:20","modified_gmt":"2022-08-30T00:44:20","slug":"vpap-aircurve-10-auto-resmed","status":"publish","type":"product","link":"https:\/\/respiro.ihub-labs.com\/index.php\/product\/vpap-aircurve-10-auto-resmed\/","title":{"rendered":"VPAP AIRCURVE 10 AUTO RESMED"},"content":{"rendered":"<p>El dispositivo AirCurve 10 VAuto est\u00e1 indicado para el tratamiento de la apnea obstructiva del sue\u00f1o (AOS) en pacientes que pesan m\u00e1s de 30 kg (66 libras). Est\u00e1 dise\u00f1ado para uso dom\u00e9stico y hospitalario.<br \/>\nEl humidificador est\u00e1 dise\u00f1ado para uso en un solo paciente en el hogar y para la reutilizaci\u00f3n en un entorno hospitalario o institucional.<\/p>\n","protected":false},"excerpt":{"rendered":"<p>El AirCurve 10 VAuto, el AirCurve 10 S y el AirCurve 10 ST son dispositivos de presi\u00f3n positiva en las v\u00edas respiratorias de nivel doble. El dispositivo AirCurve 10 VAuto est\u00e1 indicado para el tratamiento de la apnea obstructiva del sue\u00f1o<br \/>\n(AOS) en pacientes que pesan m\u00e1s de 30 kg (66 libras). Est\u00e1 dise\u00f1ado para uso dom\u00e9stico y hospitalario.<br \/>\nEl humidificador est\u00e1 dise\u00f1ado para uso en un solo paciente en el hogar y para la reutilizaci\u00f3n en un entorno hospitalario o institucional.<\/p>\n","protected":false},"featured_media":4933,"comment_status":"open","ping_status":"closed","template":"elementor_theme","meta":{"inline_featured_image":false,"_mi_skip_tracking":false},"product_cat":[86],"product_tag":[],"class_list":["post-4932","product","type-product","status-publish","has-post-thumbnail","hentry","product_cat-apnea_del_sueno"],"aioseo_notices":[],"_links":{"self":[{"href":"https:\/\/respiro.ihub-labs.com\/index.php\/wp-json\/wp\/v2\/product\/4932","targetHints":{"allow":["GET"]}}],"collection":[{"href":"https:\/\/respiro.ihub-labs.com\/index.php\/wp-json\/wp\/v2\/product"}],"about":[{"href":"https:\/\/respiro.ihub-labs.com\/index.php\/wp-json\/wp\/v2\/types\/product"}],"replies":[{"embeddable":true,"href":"https:\/\/respiro.ihub-labs.com\/index.php\/wp-json\/wp\/v2\/comments?post=4932"}],"version-history":[{"count":1,"href":"https:\/\/respiro.ihub-labs.com\/index.php\/wp-json\/wp\/v2\/product\/4932\/revisions"}],"predecessor-version":[{"id":4934,"href":"https:\/\/respiro.ihub-labs.com\/index.php\/wp-json\/wp\/v2\/product\/4932\/revisions\/4934"}],"wp:featuredmedia":[{"embeddable":true,"href":"https:\/\/respiro.ihub-labs.com\/index.php\/wp-json\/wp\/v2\/media\/4933"}],"wp:attachment":[{"href":"https:\/\/respiro.ihub-labs.com\/index.php\/wp-json\/wp\/v2\/media?parent=4932"}],"wp:term":[{"taxonomy":"product_cat","embeddable":true,"href":"https:\/\/respiro.ihub-labs.com\/index.php\/wp-json\/wp\/v2\/product_cat?post=4932"},{"taxonomy":"product_tag","embeddable":true,"href":"https:\/\/respiro.ihub-labs.com\/index.php\/wp-json\/wp\/v2\/product_tag?post=4932"}],"curies":[{"name":"wp","href":"https:\/\/api.w.org\/{rel}","templated":true}]}}