{"id":54,"date":"2020-10-14T09:36:36","date_gmt":"2020-10-14T09:36:36","guid":{"rendered":"http:\/\/source.wpopal.com\/medilazar\/about\/"},"modified":"2022-08-28T04:05:41","modified_gmt":"2022-08-28T04:05:41","slug":"about-us","status":"publish","type":"page","link":"https:\/\/respiro.ihub-labs.com\/index.php\/about-us\/","title":{"rendered":"Nosotros"},"content":{"rendered":"\t\t<div data-elementor-type=\"wp-page\" data-elementor-id=\"54\" class=\"elementor elementor-54\">\n\t\t\t\t\t\t\t\t\t<section class=\"elementor-section elementor-top-section elementor-element elementor-element-83a45d9 elementor-section-stretched elementor-section-boxed elementor-section-height-default elementor-section-height-default\" data-id=\"83a45d9\" data-element_type=\"section\" data-settings=\"{&quot;stretch_section&quot;:&quot;section-stretched&quot;,&quot;background_background&quot;:&quot;classic&quot;}\">\n\t\t\t\t\t\t<div class=\"elementor-container elementor-column-gap-no\">\n\t\t\t\t\t<div class=\"elementor-column elementor-col-100 elementor-top-column elementor-element elementor-element-d047751\" data-id=\"d047751\" data-element_type=\"column\">\n\t\t\t<div class=\"elementor-widget-wrap elementor-element-populated\">\n\t\t\t\t\t\t\t\t<div class=\"elementor-element elementor-element-57dc980 elementor-widget elementor-widget-image\" data-id=\"57dc980\" data-element_type=\"widget\" data-widget_type=\"image.default\">\n\t\t\t\t<div class=\"elementor-widget-container\">\n\t\t\t<style>\/*! elementor - v3.7.2 - 21-08-2022 *\/\n.elementor-widget-image{text-align:center}.elementor-widget-image a{display:inline-block}.elementor-widget-image a img[src$=\".svg\"]{width:48px}.elementor-widget-image img{vertical-align:middle;display:inline-block}<\/style>\t\t\t\t\t\t\t\t\t\t\t\t<img loading=\"lazy\" decoding=\"async\" width=\"1639\" height=\"502\" src=\"https:\/\/respiro.ihub-labs.com\/wp-content\/uploads\/2022\/08\/servicios-aa.jpg\" class=\"attachment-full size-full\" alt=\"\" srcset=\"https:\/\/respiro.ihub-labs.com\/wp-content\/uploads\/2022\/08\/servicios-aa.jpg 1639w, https:\/\/respiro.ihub-labs.com\/wp-content\/uploads\/2022\/08\/servicios-aa-300x92.jpg 300w, https:\/\/respiro.ihub-labs.com\/wp-content\/uploads\/2022\/08\/servicios-aa-1024x314.jpg 1024w, https:\/\/respiro.ihub-labs.com\/wp-content\/uploads\/2022\/08\/servicios-aa-768x235.jpg 768w, https:\/\/respiro.ihub-labs.com\/wp-content\/uploads\/2022\/08\/servicios-aa-1536x470.jpg 1536w, https:\/\/respiro.ihub-labs.com\/wp-content\/uploads\/2022\/08\/servicios-aa-700x214.jpg 700w, https:\/\/respiro.ihub-labs.com\/wp-content\/uploads\/2022\/08\/servicios-aa-600x184.jpg 600w\" sizes=\"auto, (max-width: 1639px) 100vw, 1639px\" \/>\t\t\t\t\t\t\t\t\t\t\t\t\t\t\t<\/div>\n\t\t\t\t<\/div>\n\t\t\t\t<div class=\"elementor-element elementor-element-c033fd4 elementor-widget elementor-widget-text-editor\" data-id=\"c033fd4\" data-element_type=\"widget\" data-widget_type=\"text-editor.default\">\n\t\t\t\t<div class=\"elementor-widget-container\">\n\t\t\t<style>\/*! elementor - v3.7.2 - 21-08-2022 *\/\n.elementor-widget-text-editor.elementor-drop-cap-view-stacked .elementor-drop-cap{background-color:#818a91;color:#fff}.elementor-widget-text-editor.elementor-drop-cap-view-framed .elementor-drop-cap{color:#818a91;border:3px solid;background-color:transparent}.elementor-widget-text-editor:not(.elementor-drop-cap-view-default) .elementor-drop-cap{margin-top:8px}.elementor-widget-text-editor:not(.elementor-drop-cap-view-default) .elementor-drop-cap-letter{width:1em;height:1em}.elementor-widget-text-editor .elementor-drop-cap{float:left;text-align:center;line-height:1;font-size:50px}.elementor-widget-text-editor .elementor-drop-cap-letter{display:inline-block}<\/style>        <div class=\"elementor-text-editor elementor-clearfix\"><p>El Centro de Medicina Integral es una instituci\u00f3n con 25 a\u00f1os de prestigio, dedicada a la distribuci\u00f3n y comercializaci\u00f3n<\/p><p>de equipos m\u00e9dicos, dirigidos a pacientes con problemas respiratorios, y hoy nos posicionamos m\u00e1s cerca de ti y&nbsp;<\/p><p>de los tuyos como &#8220;RESPIRO&#8221;.&nbsp;<\/p><\/div>\n        \t\t<\/div>\n\t\t\t\t<\/div>\n\t\t\t\t\t<\/div>\n\t\t<\/div>\n\t\t\t\t\t\t\t<\/div>\n\t\t<\/section>\n\t\t\t\t<section class=\"elementor-section elementor-top-section elementor-element elementor-element-5374e4b elementor-section-stretched elementor-section-boxed elementor-section-height-default elementor-section-height-default\" data-id=\"5374e4b\" data-element_type=\"section\" data-settings=\"{&quot;stretch_section&quot;:&quot;section-stretched&quot;}\">\n\t\t\t\t\t\t<div class=\"elementor-container elementor-column-gap-no\">\n\t\t\t\t\t<div class=\"elementor-column elementor-col-100 elementor-top-column elementor-element elementor-element-3dd7453\" data-id=\"3dd7453\" data-element_type=\"column\">\n\t\t\t<div class=\"elementor-widget-wrap elementor-element-populated\">\n\t\t\t\t\t\t\t\t<div class=\"elementor-element elementor-element-d2c2217 elementor-widget__width-initial elementor-position-center elementor-position-below elementor-widget elementor-widget-heading\" data-id=\"d2c2217\" data-element_type=\"widget\" data-widget_type=\"heading.default\">\n\t\t\t\t<div class=\"elementor-widget-container\">\n\t\t\t<style>\/*! elementor - v3.7.2 - 21-08-2022 *\/\n.elementor-heading-title{padding:0;margin:0;line-height:1}.elementor-widget-heading .elementor-heading-title[class*=elementor-size-]>a{color:inherit;font-size:inherit;line-height:inherit}.elementor-widget-heading .elementor-heading-title.elementor-size-small{font-size:15px}.elementor-widget-heading .elementor-heading-title.elementor-size-medium{font-size:19px}.elementor-widget-heading .elementor-heading-title.elementor-size-large{font-size:29px}.elementor-widget-heading .elementor-heading-title.elementor-size-xl{font-size:39px}.elementor-widget-heading .elementor-heading-title.elementor-size-xxl{font-size:59px}<\/style><div class=\"elementor-heading-wrapper\" ><div class=\"elementor-heading-wrapper-inner\"><h3 class=\"elementor-heading-title elementor-size-default\">Nuestra historia<\/h3><\/div><\/div>\t\t<\/div>\n\t\t\t\t<\/div>\n\t\t\t\t<div class=\"elementor-element elementor-element-dcf5299 elementor-timeline-view-vertical elementor-button-primary elementor-widget elementor-widget-opal-timeline\" data-id=\"dcf5299\" data-element_type=\"widget\" data-widget_type=\"opal-timeline.default\">\n\t\t\t\t<div class=\"elementor-widget-container\">\n\t\t\t\n        <div class=\"opal-timeline-wrapper\" data-timeline-count=\"3\">\n            <div class=\"opal-timeline\" >\n                \n                    <div class=\"timeline-item column-item timeline-item-0\">\n\n                                                                                    <div class=\"timeline-thumbnail timeline-animation\" data-timeline-animation=\" \">\n                                    <div class=\"timeline-image-wap\">\n                                        <img decoding=\"async\" src=\"https:\/\/respiro.ihub-labs.com\/wp-content\/uploads\/2022\/08\/QUIENES-SOMOS-9a.png\" class=\"timeline-image d-block\"\n                                             alt=\"QUIENES SOMOS 9a\">\n                                    <\/div>\n                                <\/div>\n                            \n                        \n                        <div class=\"timeline-content timeline-animation\" data-timeline-animation=\" \">\n                            <div class=\"timeline-content-wap\">\n\n                                                                    <h2 class=\"timeline-title\">La idea<\/h2>\n                                \n                                                                    <div class=\"content\">\n                                        <p>Iniciamos en 1990 para brindar alternativas de atenci\u00f3n en pacientes que se encontraban en estado cr\u00edtico de saludo, dentro del \u00e1rea respiratoria. Comenzamos a introducir nuevas t\u00e9cnicas y procedimientos aplicados por la Dra. Sonia Silvia Rodriguez Solorzano.<\/p><p>En 1994 se inicia la distribuci\u00f3n propia de oxigeno medicinal embotellado, adoptando el nombre de &#8220;Oxigenoterapia de los Altos&#8221;.<\/p><p>El 30 de Marzo de 2008 nace &#8220;Medicina Respiratoria Integral&#8221; ya con una oferta de servicios m\u00e1s robusta y mejorada, extendiendo nuestra operaci\u00f3n a toda la regi\u00f3n y consolidados como referente en tratamientos respiratorios para los Altos de Jalisco.<\/p>                                    <\/div>\n                                \n                                \n                            <\/div>\n                        <\/div>\n\n                    <\/div>\n                \n                    <div class=\"timeline-item column-item timeline-item-1\">\n\n                                                                                    <div class=\"timeline-thumbnail timeline-animation\" data-timeline-animation=\" \">\n                                    <div class=\"timeline-image-wap\">\n                                        <img decoding=\"async\" src=\"https:\/\/respiro.ihub-labs.com\/wp-content\/uploads\/2022\/08\/QUIENES-SOMOS-9-copia.png\" class=\"timeline-image d-block\"\n                                             alt=\"QUIENES SOMOS 9 copia\">\n                                    <\/div>\n                                <\/div>\n                            \n                        \n                        <div class=\"timeline-content timeline-animation\" data-timeline-animation=\" \">\n                            <div class=\"timeline-content-wap\">\n\n                                                                    <h2 class=\"timeline-title\">Oferta de Valor<\/h2>\n                                \n                                                                    <div class=\"content\">\n                                        <p>Las enfermedades respiratorias en la regi\u00f3n ocupan uno de los primeros lugares de consulta m\u00e9dica, y desafortunadamente son de las primeras causas relacionadas con la mortalidad en hospitales y centros de salud. En el tratamiento de estas enfermedades contamos con una serie de t\u00e9cnicas y procedimientos entre los cuales se encuentra la &#8220;Terapia Respiratoria&#8221;.<\/p><p>La terapia respiratoria es una respuesta a las exigencias y necesidades del medio externo, las cuales se reflejan en la alta incidencia de padecimientos cardiopulmonares que se presentan en la poblaci\u00f3n urbana y rural.<\/p><p>Somos una instituci\u00f3n avalada por el Colegio M\u00e9dico de Tepatitl\u00e1n, la Asociaci\u00f3n Mexicana de Terapia Respiratoria y la Sociedad Mexicana de Neumolog\u00eda y Cirug\u00eda de Torax.<\/p>                                    <\/div>\n                                \n                                \n                            <\/div>\n                        <\/div>\n\n                    <\/div>\n                \n                    <div class=\"timeline-item column-item timeline-item-2\">\n\n                                                                                    <div class=\"timeline-thumbnail timeline-animation\" data-timeline-animation=\" \">\n                                    <div class=\"timeline-image-wap\">\n                                        <img decoding=\"async\" src=\"https:\/\/respiro.ihub-labs.com\/wp-content\/uploads\/2022\/08\/QUIENES-SOMOS-9B-copia.png\" class=\"timeline-image d-block\"\n                                             alt=\"QUIENES SOMOS 9B copia\">\n                                    <\/div>\n                                <\/div>\n                            \n                        \n                        <div class=\"timeline-content timeline-animation\" data-timeline-animation=\" \">\n                            <div class=\"timeline-content-wap\">\n\n                                                                    <h2 class=\"timeline-title\">Nuestros primeros 25 a\u00f1os<\/h2>\n                                \n                                                                    <div class=\"content\">\n                                        <p>A 25 a\u00f1os de iniciar este proyecto ofrecemos la experiencia y el conocimiento para proporcionar una oferta de productos en venta y renta para hacer frente a las necesidades de tratamientos para enfermedades respiratorias, as\u00ed como los siguientes servicios:<\/p><ul><li>Servicios m\u00e9dicos.<\/li><li>Consulta m\u00e9dica en terapia respiratoria.<\/li><li>Nebulizaci\u00f3n y terapia en aerosol.<\/li><li>Ventilaci\u00f3n mec\u00e1nica invasiva y no invasiva.<\/li><li>Tratamiento y seguimiento al paciente fumador y roncador.<\/li><li>Traslado paciente con ventilaci\u00f3n mec\u00e1nica.<\/li><li>Titulaci\u00f3n y programaci\u00f3n CPAP y VPAP.<\/li><li>Apoyo en terapia respiratoria a pacientes hospitalizados.<\/li><li>Estudios de funci\u00f3n respiratoria.<\/li><\/ul>                                    <\/div>\n                                \n                                \n                            <\/div>\n                        <\/div>\n\n                    <\/div>\n                            <\/div>\n        <\/div>\n\n        \t\t<\/div>\n\t\t\t\t<\/div>\n\t\t\t\t\t<\/div>\n\t\t<\/div>\n\t\t\t\t\t\t\t<\/div>\n\t\t<\/section>\n\t\t\t\t\t\t\t<\/div>\n\t\t","protected":false},"excerpt":{"rendered":"<p>El Centro de Medicina Integral es una instituci\u00f3n con 25 a\u00f1os de prestigio, dedicada a la distribuci\u00f3n y comercializaci\u00f3n de equipos m\u00e9dicos, dirigidos a pacientes con problemas respiratorios, y hoy nos posicionamos m\u00e1s cerca de ti y&nbsp; de los tuyos como &#8220;RESPIRO&#8221;.&nbsp; Nuestra historia La idea Iniciamos en 1990 para brindar alternativas de atenci\u00f3n en &hellip; <\/p>\n<p class=\"more-link-wrap\"><a href=\"https:\/\/respiro.ihub-labs.com\/index.php\/about-us\/\" class=\"more-link\"><i class=\"opal-icon-plus\" aria-hidden=\"true\"><\/i><span>Read More<span class=\"screen-reader-text\"> &#8220;Nosotros&#8221;<\/span><\/span><\/a><\/p>\n","protected":false},"author":1,"featured_media":0,"parent":0,"menu_order":0,"comment_status":"closed","ping_status":"closed","template":"page-elementor.php","meta":{"inline_featured_image":false,"_mi_skip_tracking":false,"footnotes":""},"class_list":["post-54","page","type-page","status-publish","hentry"],"aioseo_notices":[],"_links":{"self":[{"href":"https:\/\/respiro.ihub-labs.com\/index.php\/wp-json\/wp\/v2\/pages\/54","targetHints":{"allow":["GET"]}}],"collection":[{"href":"https:\/\/respiro.ihub-labs.com\/index.php\/wp-json\/wp\/v2\/pages"}],"about":[{"href":"https:\/\/respiro.ihub-labs.com\/index.php\/wp-json\/wp\/v2\/types\/page"}],"author":[{"embeddable":true,"href":"https:\/\/respiro.ihub-labs.com\/index.php\/wp-json\/wp\/v2\/users\/1"}],"replies":[{"embeddable":true,"href":"https:\/\/respiro.ihub-labs.com\/index.php\/wp-json\/wp\/v2\/comments?post=54"}],"version-history":[{"count":7,"href":"https:\/\/respiro.ihub-labs.com\/index.php\/wp-json\/wp\/v2\/pages\/54\/revisions"}],"predecessor-version":[{"id":4823,"href":"https:\/\/respiro.ihub-labs.com\/index.php\/wp-json\/wp\/v2\/pages\/54\/revisions\/4823"}],"wp:attachment":[{"href":"https:\/\/respiro.ihub-labs.com\/index.php\/wp-json\/wp\/v2\/media?parent=54"}],"curies":[{"name":"wp","href":"https:\/\/api.w.org\/{rel}","templated":true}]}}