{"id":53,"date":"2020-10-14T09:36:36","date_gmt":"2020-10-14T09:36:36","guid":{"rendered":"http:\/\/source.wpopal.com\/medilazar\/contact\/"},"modified":"2022-08-28T04:33:02","modified_gmt":"2022-08-28T04:33:02","slug":"contact","status":"publish","type":"page","link":"https:\/\/respiro.ihub-labs.com\/index.php\/contact\/","title":{"rendered":"Contact"},"content":{"rendered":"\t\t<div data-elementor-type=\"wp-page\" data-elementor-id=\"53\" class=\"elementor elementor-53\">\n\t\t\t\t\t\t\t\t\t<section class=\"elementor-section elementor-top-section elementor-element elementor-element-2b492ee elementor-section-height-min-height elementor-section-stretched elementor-section-boxed elementor-section-height-default elementor-section-items-middle\" data-id=\"2b492ee\" data-element_type=\"section\" data-settings=\"{&quot;stretch_section&quot;:&quot;section-stretched&quot;,&quot;background_background&quot;:&quot;classic&quot;}\">\n\t\t\t\t\t\t<div class=\"elementor-container elementor-column-gap-no\">\n\t\t\t\t\t<div class=\"elementor-column elementor-col-100 elementor-top-column elementor-element elementor-element-b7cacb2\" data-id=\"b7cacb2\" data-element_type=\"column\">\n\t\t\t<div class=\"elementor-widget-wrap elementor-element-populated\">\n\t\t\t\t\t\t\t\t<div class=\"elementor-element elementor-element-4cfc559 elementor-position-center elementor-position-below elementor-widget elementor-widget-heading\" data-id=\"4cfc559\" data-element_type=\"widget\" data-widget_type=\"heading.default\">\n\t\t\t\t<div class=\"elementor-widget-container\">\n\t\t\t<style>\/*! elementor - v3.7.2 - 21-08-2022 *\/\n.elementor-heading-title{padding:0;margin:0;line-height:1}.elementor-widget-heading .elementor-heading-title[class*=elementor-size-]>a{color:inherit;font-size:inherit;line-height:inherit}.elementor-widget-heading .elementor-heading-title.elementor-size-small{font-size:15px}.elementor-widget-heading .elementor-heading-title.elementor-size-medium{font-size:19px}.elementor-widget-heading .elementor-heading-title.elementor-size-large{font-size:29px}.elementor-widget-heading .elementor-heading-title.elementor-size-xl{font-size:39px}.elementor-widget-heading .elementor-heading-title.elementor-size-xxl{font-size:59px}<\/style><div class=\"elementor-heading-wrapper\" ><div class=\"elementor-heading-wrapper-inner\"><h1 class=\"elementor-heading-title elementor-size-default\">Estamos aqu\u00ed para ayudarte<\/h1><\/div><\/div>\t\t<\/div>\n\t\t\t\t<\/div>\n\t\t\t\t<div class=\"elementor-element elementor-element-666f022 elementor-widget__width-initial elementor-widget elementor-widget-text-editor\" data-id=\"666f022\" data-element_type=\"widget\" data-widget_type=\"text-editor.default\">\n\t\t\t\t<div class=\"elementor-widget-container\">\n\t\t\t<style>\/*! elementor - v3.7.2 - 21-08-2022 *\/\n.elementor-widget-text-editor.elementor-drop-cap-view-stacked .elementor-drop-cap{background-color:#818a91;color:#fff}.elementor-widget-text-editor.elementor-drop-cap-view-framed .elementor-drop-cap{color:#818a91;border:3px solid;background-color:transparent}.elementor-widget-text-editor:not(.elementor-drop-cap-view-default) .elementor-drop-cap{margin-top:8px}.elementor-widget-text-editor:not(.elementor-drop-cap-view-default) .elementor-drop-cap-letter{width:1em;height:1em}.elementor-widget-text-editor .elementor-drop-cap{float:left;text-align:center;line-height:1;font-size:50px}.elementor-widget-text-editor .elementor-drop-cap-letter{display:inline-block}<\/style>        <div class=\"elementor-text-editor elementor-clearfix\"><p>Respirar es el derecho que todos tenemos a inhalar vida, necesitamos aprovechar nuestro derecho a vivir.<\/p><\/div>\n        \t\t<\/div>\n\t\t\t\t<\/div>\n\t\t\t\t\t<\/div>\n\t\t<\/div>\n\t\t\t\t\t\t\t<\/div>\n\t\t<\/section>\n\t\t\t\t<section class=\"elementor-section elementor-top-section elementor-element elementor-element-73a2f70 elementor-section-stretched elementor-section-boxed elementor-section-height-default elementor-section-height-default\" data-id=\"73a2f70\" data-element_type=\"section\" data-settings=\"{&quot;stretch_section&quot;:&quot;section-stretched&quot;,&quot;background_background&quot;:&quot;classic&quot;}\">\n\t\t\t\t\t\t<div class=\"elementor-container elementor-column-gap-no\">\n\t\t\t\t\t<div class=\"elementor-column elementor-col-33 elementor-top-column elementor-element elementor-element-c2921fc\" data-id=\"c2921fc\" data-element_type=\"column\">\n\t\t\t<div class=\"elementor-widget-wrap elementor-element-populated\">\n\t\t\t\t\t\t\t\t<div class=\"elementor-element elementor-element-e325b8d elementor-position-left elementor-mobile-position-center elementor-position-below elementor-widget elementor-widget-heading\" data-id=\"e325b8d\" data-element_type=\"widget\" data-widget_type=\"heading.default\">\n\t\t\t\t<div class=\"elementor-widget-container\">\n\t\t\t<div class=\"elementor-heading-wrapper\" ><div class=\"elementor-heading-wrapper-inner\"><h2 class=\"elementor-heading-title elementor-size-default\">Cont\u00e1ctanos<\/h2><\/div><\/div>\t\t<\/div>\n\t\t\t\t<\/div>\n\t\t\t\t<div class=\"elementor-element elementor-element-0beed46 elementor-widget elementor-widget-text-editor\" data-id=\"0beed46\" data-element_type=\"widget\" data-widget_type=\"text-editor.default\">\n\t\t\t\t<div class=\"elementor-widget-container\">\n\t\t\t        <div class=\"elementor-text-editor elementor-clearfix\"><p>Estamos ubicados en el coraz\u00f3n de los Altos de Jalisco, y de aqu\u00ed a toda la regi\u00f3n<\/p><\/div>\n        \t\t<\/div>\n\t\t\t\t<\/div>\n\t\t\t\t<div class=\"elementor-element elementor-element-98de941 elementor-position-left elementor-vertical-align-middle elementor-widget__width-initial elementor-widget-mobile__width-inherit elementor-view-default elementor-widget elementor-widget-icon-box\" data-id=\"98de941\" data-element_type=\"widget\" data-widget_type=\"icon-box.default\">\n\t\t\t\t<div class=\"elementor-widget-container\">\n\t\t\t<link rel=\"stylesheet\" href=\"https:\/\/brave-goodall.74-208-50-155.plesk.page\/wp-content\/plugins\/elementor\/assets\/css\/widget-icon-box.min.css\">        <div class=\"elementor-icon-box-wrapper\">\n                            <div class=\"elementor-icon-box-icon\">\n                    <span class=\"elementor-icon elementor-animation-\" >\n                        <i class=\"opal-icon-address\" aria-hidden=\"true\"><\/i>\n                    <\/span>\n                <\/div>\n                        <div class=\"elementor-icon-box-content\">\n                <div class=\"elementor-icon-header\">\n                                        <div class=\"elementor-icon-header-inner\">\n                        \n                        <h6 class=\"elementor-icon-box-title\">\n                            <span >\n                                Domicilio                            <\/span>\n                        <\/h6>\n                    <\/div>\n                <\/div>\n                                    <p class=\"elementor-icon-box-description\">Av. Luis Donaldo Colosio 1056-A, Col. Las Jardineras, Tepatitl\u00e1n de Morelos; Jalisco. M\u00c9XICO CP 47679<\/p>\n                            <\/div>\n                    <\/div>\n\t\t\t\t<\/div>\n\t\t\t\t<\/div>\n\t\t\t\t<div class=\"elementor-element elementor-element-1072e5d elementor-position-left elementor-vertical-align-middle elementor-widget__width-initial elementor-widget-mobile__width-inherit elementor-view-default elementor-widget elementor-widget-icon-box\" data-id=\"1072e5d\" data-element_type=\"widget\" data-widget_type=\"icon-box.default\">\n\t\t\t\t<div class=\"elementor-widget-container\">\n\t\t\t        <div class=\"elementor-icon-box-wrapper\">\n                            <div class=\"elementor-icon-box-icon\">\n                    <span class=\"elementor-icon elementor-animation-\" >\n                        <i class=\"opal-icon-email\" aria-hidden=\"true\"><\/i>\n                    <\/span>\n                <\/div>\n                        <div class=\"elementor-icon-box-content\">\n                <div class=\"elementor-icon-header\">\n                                        <div class=\"elementor-icon-header-inner\">\n                        \n                        <h6 class=\"elementor-icon-box-title\">\n                            <span >\n                                EMAIL                            <\/span>\n                        <\/h6>\n                    <\/div>\n                <\/div>\n                                    <p class=\"elementor-icon-box-description\">contacto@respiro.mx <br>\n <\/p>\n                            <\/div>\n                    <\/div>\n\t\t\t\t<\/div>\n\t\t\t\t<\/div>\n\t\t\t\t<div class=\"elementor-element elementor-element-b88652b elementor-position-left elementor-vertical-align-middle elementor-widget__width-initial elementor-widget-mobile__width-inherit elementor-view-default elementor-widget elementor-widget-icon-box\" data-id=\"b88652b\" data-element_type=\"widget\" data-widget_type=\"icon-box.default\">\n\t\t\t\t<div class=\"elementor-widget-container\">\n\t\t\t        <div class=\"elementor-icon-box-wrapper\">\n                            <div class=\"elementor-icon-box-icon\">\n                    <span class=\"elementor-icon elementor-animation-\" >\n                        <i class=\"opal-icon-clock\" aria-hidden=\"true\"><\/i>\n                    <\/span>\n                <\/div>\n                        <div class=\"elementor-icon-box-content\">\n                <div class=\"elementor-icon-header\">\n                                        <div class=\"elementor-icon-header-inner\">\n                        \n                        <h6 class=\"elementor-icon-box-title\">\n                            <span >\n                                HORAS LABORALES                            <\/span>\n                        <\/h6>\n                    <\/div>\n                <\/div>\n                                    <p class=\"elementor-icon-box-description\">Lunes a Viernes: 9:00-19:00 <br>\nS\u00e1bado: 9:00 \u2013 15:00<\/p>\n                            <\/div>\n                    <\/div>\n\t\t\t\t<\/div>\n\t\t\t\t<\/div>\n\t\t\t\t\t<\/div>\n\t\t<\/div>\n\t\t\t\t<div class=\"elementor-column elementor-col-66 elementor-top-column elementor-element elementor-element-bf8868a\" data-id=\"bf8868a\" data-element_type=\"column\">\n\t\t\t<div class=\"elementor-widget-wrap elementor-element-populated\">\n\t\t\t\t\t\t\t\t<div class=\"elementor-element elementor-element-56c411b elementor-widget elementor-widget-google_maps\" data-id=\"56c411b\" data-element_type=\"widget\" data-widget_type=\"google_maps.default\">\n\t\t\t\t<div class=\"elementor-widget-container\">\n\t\t\t<style>\/*! elementor - v3.7.2 - 21-08-2022 *\/\n.elementor-widget-google_maps .elementor-widget-container{overflow:hidden}.elementor-widget-google_maps iframe{height:300px}<\/style>\t\t<div class=\"elementor-custom-embed\">\n\t\t\t<iframe frameborder=\"0\" scrolling=\"no\" marginheight=\"0\" marginwidth=\"0\"\n\t\t\t\t\tsrc=\"https:\/\/maps.google.com\/maps?q=Av.%20Luis%20Donaldo%20Colosio%201056%2C%20Tepatitl%C3%A1n%20de%20Morelos%2C%20Jalisco%20M%C3%A9xico&#038;t=m&#038;z=13&#038;output=embed&#038;iwloc=near\"\n\t\t\t\t\ttitle=\"Av. Luis Donaldo Colosio 1056, Tepatitl\u00e1n de Morelos, Jalisco M\u00e9xico\"\n\t\t\t\t\taria-label=\"Av. Luis Donaldo Colosio 1056, Tepatitl\u00e1n de Morelos, Jalisco M\u00e9xico\"\n\t\t\t><\/iframe>\n\t\t<\/div>\n\t\t\t\t<\/div>\n\t\t\t\t<\/div>\n\t\t\t\t\t<\/div>\n\t\t<\/div>\n\t\t\t\t\t\t\t<\/div>\n\t\t<\/section>\n\t\t\t\t<section class=\"elementor-section elementor-top-section elementor-element elementor-element-72c6ff3 elementor-section-stretched elementor-section-boxed elementor-section-height-default elementor-section-height-default\" data-id=\"72c6ff3\" data-element_type=\"section\" data-settings=\"{&quot;stretch_section&quot;:&quot;section-stretched&quot;,&quot;background_background&quot;:&quot;classic&quot;}\">\n\t\t\t\t\t\t<div class=\"elementor-container elementor-column-gap-no\">\n\t\t\t\t\t<div class=\"elementor-column elementor-col-100 elementor-top-column elementor-element elementor-element-4230721\" data-id=\"4230721\" data-element_type=\"column\">\n\t\t\t<div class=\"elementor-widget-wrap elementor-element-populated\">\n\t\t\t\t\t\t\t\t<div class=\"elementor-element elementor-element-dc82c23 elementor-wpcf7-button-primary elementor-wpcf7-button-md elementor-widget elementor-widget-opal-contactform7\" data-id=\"dc82c23\" data-element_type=\"widget\" data-widget_type=\"opal-contactform7.default\">\n\t\t\t\t<div class=\"elementor-widget-container\">\n\t\t\t<div role=\"form\" class=\"wpcf7\" id=\"wpcf7-f5-o1\" lang=\"en-US\" dir=\"ltr\">\n<div class=\"screen-reader-response\"><p role=\"status\" aria-live=\"polite\" aria-atomic=\"true\"><\/p> <ul><\/ul><\/div>\n<form action=\"\/index.php\/wp-json\/wp\/v2\/pages\/53#wpcf7-f5-o1\" method=\"post\" class=\"wpcf7-form init\" novalidate=\"novalidate\" data-status=\"init\">\n<div style=\"display: none;\">\n<input type=\"hidden\" name=\"_wpcf7\" value=\"5\" \/>\n<input type=\"hidden\" name=\"_wpcf7_version\" value=\"5.6.2\" \/>\n<input type=\"hidden\" name=\"_wpcf7_locale\" value=\"en_US\" \/>\n<input type=\"hidden\" name=\"_wpcf7_unit_tag\" value=\"wpcf7-f5-o1\" \/>\n<input type=\"hidden\" name=\"_wpcf7_container_post\" value=\"0\" \/>\n<input type=\"hidden\" name=\"_wpcf7_posted_data_hash\" value=\"\" \/>\n<\/div>\n<div class=\"row\">\n<p class=\"col-md-12\">\n\t   <span class=\"wpcf7-form-control-wrap\" data-name=\"your-name\"><input type=\"text\" name=\"your-name\" value=\"\" size=\"40\" class=\"wpcf7-form-control wpcf7-text wpcf7-validates-as-required\" aria-required=\"true\" aria-invalid=\"false\" placeholder=\"Your Name *\" \/><\/span>\n\t<\/p>\n<p class=\"col-md-12\">\n\t    <span class=\"wpcf7-form-control-wrap\" data-name=\"your-email\"><input type=\"email\" name=\"your-email\" value=\"\" size=\"40\" class=\"wpcf7-form-control wpcf7-text wpcf7-email wpcf7-validates-as-required wpcf7-validates-as-email\" aria-required=\"true\" aria-invalid=\"false\" placeholder=\"Your Email*\" \/><\/span>\n\t<\/p>\n<p class=\"col-md-12\">\n\t    <span class=\"wpcf7-form-control-wrap\" data-name=\"your-subject\"><input type=\"text\" name=\"your-subject\" value=\"\" size=\"40\" class=\"wpcf7-form-control wpcf7-text\" aria-invalid=\"false\" placeholder=\"Subject\" \/><\/span>\n\t<\/p>\n<p class=\"col-md-12\">\n\t    <span class=\"wpcf7-form-control-wrap\" data-name=\"your-message\"><textarea name=\"your-message\" cols=\"90\" rows=\"4\" class=\"wpcf7-form-control wpcf7-textarea\" aria-invalid=\"false\" placeholder=\"Your Message\"><\/textarea><\/span>\n\t<\/p>\n<p class=\"col-md-12\">\n\t<input type=\"submit\" value=\"Submit\" class=\"wpcf7-form-control has-spinner wpcf7-submit\" \/>\n\t<\/p>\n<\/div>\n<div class=\"wpcf7-response-output\" aria-hidden=\"true\"><\/div><\/form><\/div>\t\t<\/div>\n\t\t\t\t<\/div>\n\t\t\t\t\t<\/div>\n\t\t<\/div>\n\t\t\t\t\t\t\t<\/div>\n\t\t<\/section>\n\t\t\t\t<section class=\"elementor-section elementor-top-section elementor-element elementor-element-1a4698e elementor-section-full_width elementor-section-height-default elementor-section-height-default\" data-id=\"1a4698e\" data-element_type=\"section\">\n\t\t\t\t\t\t<div class=\"elementor-container elementor-column-gap-no\">\n\t\t\t\t\t<div class=\"elementor-column elementor-col-100 elementor-top-column elementor-element elementor-element-7b18535\" data-id=\"7b18535\" data-element_type=\"column\">\n\t\t\t<div class=\"elementor-widget-wrap elementor-element-populated\">\n\t\t\t\t\t\t\t\t\t<\/div>\n\t\t<\/div>\n\t\t\t\t\t\t\t<\/div>\n\t\t<\/section>\n\t\t\t\t\t\t\t<\/div>\n\t\t","protected":false},"excerpt":{"rendered":"<p>Estamos aqu\u00ed para ayudarte Respirar es el derecho que todos tenemos a inhalar vida, necesitamos aprovechar nuestro derecho a vivir. Cont\u00e1ctanos Estamos ubicados en el coraz\u00f3n de los Altos de Jalisco, y de aqu\u00ed a toda la regi\u00f3n Domicilio Av. Luis Donaldo Colosio 1056-A, Col. Las Jardineras, Tepatitl\u00e1n de Morelos; Jalisco. M\u00c9XICO CP 47679 EMAIL &hellip; <\/p>\n<p class=\"more-link-wrap\"><a href=\"https:\/\/respiro.ihub-labs.com\/index.php\/contact\/\" class=\"more-link\"><i class=\"opal-icon-plus\" aria-hidden=\"true\"><\/i><span>Read More<span class=\"screen-reader-text\"> &#8220;Contact&#8221;<\/span><\/span><\/a><\/p>\n","protected":false},"author":1,"featured_media":0,"parent":0,"menu_order":0,"comment_status":"closed","ping_status":"closed","template":"page-elementor.php","meta":{"inline_featured_image":false,"_mi_skip_tracking":false,"footnotes":""},"class_list":["post-53","page","type-page","status-publish","hentry"],"aioseo_notices":[],"_links":{"self":[{"href":"https:\/\/respiro.ihub-labs.com\/index.php\/wp-json\/wp\/v2\/pages\/53","targetHints":{"allow":["GET"]}}],"collection":[{"href":"https:\/\/respiro.ihub-labs.com\/index.php\/wp-json\/wp\/v2\/pages"}],"about":[{"href":"https:\/\/respiro.ihub-labs.com\/index.php\/wp-json\/wp\/v2\/types\/page"}],"author":[{"embeddable":true,"href":"https:\/\/respiro.ihub-labs.com\/index.php\/wp-json\/wp\/v2\/users\/1"}],"replies":[{"embeddable":true,"href":"https:\/\/respiro.ihub-labs.com\/index.php\/wp-json\/wp\/v2\/comments?post=53"}],"version-history":[{"count":10,"href":"https:\/\/respiro.ihub-labs.com\/index.php\/wp-json\/wp\/v2\/pages\/53\/revisions"}],"predecessor-version":[{"id":4840,"href":"https:\/\/respiro.ihub-labs.com\/index.php\/wp-json\/wp\/v2\/pages\/53\/revisions\/4840"}],"wp:attachment":[{"href":"https:\/\/respiro.ihub-labs.com\/index.php\/wp-json\/wp\/v2\/media?parent=53"}],"curies":[{"name":"wp","href":"https:\/\/api.w.org\/{rel}","templated":true}]}}